{"id":49,"date":"2023-11-24T11:45:54","date_gmt":"2023-11-24T09:45:54","guid":{"rendered":"https:\/\/ltittler.hak-digital.at\/?page_id=49"},"modified":"2024-02-29T18:37:57","modified_gmt":"2024-02-29T16:37:57","slug":"impressum","status":"publish","type":"page","link":"https:\/\/ltittler.hak-digital.at\/?page_id=49","title":{"rendered":"Impressum"},"content":{"rendered":"\n<p>Website von Lena Tittler<\/p>\n\n\n\n<p>BHAK Korneuburg<br>Bankmannring 1<br>2100 Korneuburg<br><a href=\"https:\/\/www.hak-korneuburg.at\/\" target=\"_blank\" rel=\"noreferrer noopener\">https:\/\/www.hak-korneuburg.at<\/a><\/p>\n\n\n\n<p>Diese Seit dient \u00dcbungszwecken im Rahmen des Unterrichts. F\u00fcr die Richtigkeit der Inhalte keine Gew\u00e4hr.<\/p>\n","protected":false},"excerpt":{"rendered":"<p>Website von Lena Tittler BHAK KorneuburgBankmannring 12100 Korneuburghttps:\/\/www.hak-korneuburg.at Diese Seit dient \u00dcbungszwecken im Rahmen des Unterrichts. F\u00fcr die Richtigkeit der Inhalte keine Gew\u00e4hr.<\/p>\n","protected":false},"author":1,"featured_media":0,"parent":0,"menu_order":5,"comment_status":"closed","ping_status":"closed","template":"","meta":{"ngg_post_thumbnail":0,"_kad_post_transparent":"","_kad_post_title":"","_kad_post_layout":"","_kad_post_sidebar_id":"","_kad_post_content_style":"","_kad_post_vertical_padding":"","_kad_post_feature":"","_kad_post_feature_position":"","_kad_post_header":false,"_kad_post_footer":false,"footnotes":""},"_links":{"self":[{"href":"https:\/\/ltittler.hak-digital.at\/index.php?rest_route=\/wp\/v2\/pages\/49"}],"collection":[{"href":"https:\/\/ltittler.hak-digital.at\/index.php?rest_route=\/wp\/v2\/pages"}],"about":[{"href":"https:\/\/ltittler.hak-digital.at\/index.php?rest_route=\/wp\/v2\/types\/page"}],"author":[{"embeddable":true,"href":"https:\/\/ltittler.hak-digital.at\/index.php?rest_route=\/wp\/v2\/users\/1"}],"replies":[{"embeddable":true,"href":"https:\/\/ltittler.hak-digital.at\/index.php?rest_route=%2Fwp%2Fv2%2Fcomments&post=49"}],"version-history":[{"count":3,"href":"https:\/\/ltittler.hak-digital.at\/index.php?rest_route=\/wp\/v2\/pages\/49\/revisions"}],"predecessor-version":[{"id":61,"href":"https:\/\/ltittler.hak-digital.at\/index.php?rest_route=\/wp\/v2\/pages\/49\/revisions\/61"}],"wp:attachment":[{"href":"https:\/\/ltittler.hak-digital.at\/index.php?rest_route=%2Fwp%2Fv2%2Fmedia&parent=49"}],"curies":[{"name":"wp","href":"https:\/\/api.w.org\/{rel}","templated":true}]}}